{"id":847,"date":"2025-06-13T18:04:08","date_gmt":"2025-06-13T15:04:08","guid":{"rendered":"http:\/\/emiregereklam.com\/index.php\/urun\/1070-gri-luxury-powerbank-organizer-hediyelik-set\/"},"modified":"2025-06-13T18:04:08","modified_gmt":"2025-06-13T15:04:08","slug":"1070-gri-luxury-powerbank-organizer-hediyelik-set","status":"publish","type":"product","link":"http:\/\/emiregereklam.com\/index.php\/urun\/1070-gri-luxury-powerbank-organizer-hediyelik-set\/","title":{"rendered":"1070 Gri Luxury Powerbank Organizer Hediyelik Set"},"content":{"rendered":"<p>HED\u0130YEL\u0130K SET \/ GIFT SET <br \/>5000 mAh Powerbank Organizer \/ 5000 mAh Powerbank<br \/> 15W MagSafe Telefon \u015earj \/ 15W MagSafe phone charging feature<br \/> 2,5W MagSafe iWatch \u015earj \/ 2.5W MagSafe iWatch charging feature<br \/> 5W MagSafe AirPods \u015earj \/ 5W MagSafe AirPods charging feature<br \/> \u00c7\u0130ZG\u0130L\u0130 DEFTER \/ LINED NOTEBOOK<br \/> 17 x 23 cm \u2022 Termo deri kapak \/ Thermo leather cover \u2022 Ivory ka\u011f\u0131t \/ Ivory paper<br \/>\u2022 Yuvarlak k\u00f6\u015fe \/ Rounded corners \u2022 Kalem takma yeri \/ Pen holder<br \/> METAL KALEM \/ METAL PEN<br \/>\u00d6ZEL SIVAMA KUTULU \/ SPECIAL BOX WITH PEN INSERT<br \/> 17&#215;23 cm<br \/> 192 Sayfa<br \/> Type-C<br \/> \u015earj Kablosu<br \/> Charging Cable<br \/>Kalem Tutucu<br \/>Pen Holder<br \/>Telefon Stand\u0131<br \/>Phone Stand<br \/>Defter<br \/>Notebook<br \/>Kartvizitlik<br \/>Card Holder<br \/>Kalem<br \/>Pen<br \/> 15W<br \/> MagSafe<br \/> 2.5W<br \/>iWatch \u015earj<br \/>iWatch Charging<br \/> 5W<br \/> AirPods \u015earj<br \/>AirPods Charging<br \/>18-11-2024 09:01:29<\/p>\n","protected":false},"excerpt":{"rendered":"<p>HED\u0130YEL\u0130K SET \/ GIFT SET 5000 mAh Powerbank Organizer \/ 5000 mAh Powerbank 15W MagSafe Telefon \u015earj \/ 15W MagSafe phone charging feature 2,5W MagSafe iWatch \u015earj \/ 2.5W MagSafe iWatch charging feature 5W MagSafe AirPods \u015earj \/ 5W MagSafe AirPods charging feature \u00c7\u0130ZG\u0130L\u0130 DEFTER \/ LINED NOTEBOOK 17 x 23 cm \u2022 Termo deri [&hellip;]<\/p>\n","protected":false},"featured_media":0,"comment_status":"closed","ping_status":"open","template":"","meta":[],"product_brand":[],"product_cat":[16],"product_tag":[],"class_list":{"0":"post-847","1":"product","2":"type-product","3":"status-publish","5":"product_cat-teknoloji-urunleri-powerbanklar","7":"first","8":"instock","9":"product-type-simple"},"_links":{"self":[{"href":"http:\/\/emiregereklam.com\/index.php\/wp-json\/wp\/v2\/product\/847","targetHints":{"allow":["GET"]}}],"collection":[{"href":"http:\/\/emiregereklam.com\/index.php\/wp-json\/wp\/v2\/product"}],"about":[{"href":"http:\/\/emiregereklam.com\/index.php\/wp-json\/wp\/v2\/types\/product"}],"replies":[{"embeddable":true,"href":"http:\/\/emiregereklam.com\/index.php\/wp-json\/wp\/v2\/comments?post=847"}],"wp:attachment":[{"href":"http:\/\/emiregereklam.com\/index.php\/wp-json\/wp\/v2\/media?parent=847"}],"wp:term":[{"taxonomy":"product_brand","embeddable":true,"href":"http:\/\/emiregereklam.com\/index.php\/wp-json\/wp\/v2\/product_brand?post=847"},{"taxonomy":"product_cat","embeddable":true,"href":"http:\/\/emiregereklam.com\/index.php\/wp-json\/wp\/v2\/product_cat?post=847"},{"taxonomy":"product_tag","embeddable":true,"href":"http:\/\/emiregereklam.com\/index.php\/wp-json\/wp\/v2\/product_tag?post=847"}],"curies":[{"name":"wp","href":"https:\/\/api.w.org\/{rel}","templated":true}]}}