{"id":849,"date":"2025-06-13T18:04:08","date_gmt":"2025-06-13T15:04:08","guid":{"rendered":"http:\/\/emiregereklam.com\/index.php\/urun\/1071-gri-premium-powerbank-organizer-hediyelik-set\/"},"modified":"2025-06-13T18:04:14","modified_gmt":"2025-06-13T15:04:14","slug":"1071-gri-premium-powerbank-organizer-hediyelik-set","status":"publish","type":"product","link":"http:\/\/emiregereklam.com\/index.php\/urun\/1071-gri-premium-powerbank-organizer-hediyelik-set\/","title":{"rendered":"1071 Gri Prem\u0131um Powerbank Organizer Hediyelik Set"},"content":{"rendered":"<p>HED\u0130YEL\u0130K SET \/ GIFT SET <br \/>19 x 23 cm Organizer \u2022 Termo deri kapak \/ Thermo leather cover <br \/>Yuvarlak k\u00f6\u015fe \/ Rounded corners<br \/> 260 sayfa, ivory ka\u011f\u0131t \/ 260 pages, ivory paper<br \/> 8000 mAh powerbank \/ 8000 mAh powerbank<br \/> 15W Dual Wireless \u015earj \/ 15W Dual Wireless charging feature<br \/> (\u00d6n kapakta ve i\u00e7 kartl\u0131k cepte Wireless \u015farj &#8211;<\/p>\n<p>Wireless charging on the front cover and in the inner cardholder pocket) <br \/>64 GB<\/p>\n<p>METAL KALEM \/ METAL PEN<br \/> \u00d6ZEL SIVAMA KUTULU \/ SPECIAL BOX WITH PEN INSERT<br \/> 19&#215;23 cm<br \/>260 Sayfa<br \/> Type-C<br \/> \u015earj Kablosu<br \/>Dual Wireless<br \/>Kartvizitlik<br \/>Defter<br \/>Kalem<br \/>64GB USB<br \/>8000 mAh<\/p>\n<p>18-11-2024 09:01:29<\/p>\n","protected":false},"excerpt":{"rendered":"<p>HED\u0130YEL\u0130K SET \/ GIFT SET 19 x 23 cm Organizer \u2022 Termo deri kapak \/ Thermo leather cover Yuvarlak k\u00f6\u015fe \/ Rounded corners 260 sayfa, ivory ka\u011f\u0131t \/ 260 pages, ivory paper 8000 mAh powerbank \/ 8000 mAh powerbank 15W Dual Wireless \u015earj \/ 15W Dual Wireless charging feature (\u00d6n kapakta ve i\u00e7 kartl\u0131k cepte [&hellip;]<\/p>\n","protected":false},"featured_media":0,"comment_status":"closed","ping_status":"open","template":"","meta":[],"product_brand":[],"product_cat":[16],"product_tag":[],"class_list":{"0":"post-849","1":"product","2":"type-product","3":"status-publish","5":"product_cat-teknoloji-urunleri-powerbanklar","7":"first","8":"instock","9":"product-type-simple"},"_links":{"self":[{"href":"http:\/\/emiregereklam.com\/index.php\/wp-json\/wp\/v2\/product\/849","targetHints":{"allow":["GET"]}}],"collection":[{"href":"http:\/\/emiregereklam.com\/index.php\/wp-json\/wp\/v2\/product"}],"about":[{"href":"http:\/\/emiregereklam.com\/index.php\/wp-json\/wp\/v2\/types\/product"}],"replies":[{"embeddable":true,"href":"http:\/\/emiregereklam.com\/index.php\/wp-json\/wp\/v2\/comments?post=849"}],"wp:attachment":[{"href":"http:\/\/emiregereklam.com\/index.php\/wp-json\/wp\/v2\/media?parent=849"}],"wp:term":[{"taxonomy":"product_brand","embeddable":true,"href":"http:\/\/emiregereklam.com\/index.php\/wp-json\/wp\/v2\/product_brand?post=849"},{"taxonomy":"product_cat","embeddable":true,"href":"http:\/\/emiregereklam.com\/index.php\/wp-json\/wp\/v2\/product_cat?post=849"},{"taxonomy":"product_tag","embeddable":true,"href":"http:\/\/emiregereklam.com\/index.php\/wp-json\/wp\/v2\/product_tag?post=849"}],"curies":[{"name":"wp","href":"https:\/\/api.w.org\/{rel}","templated":true}]}}