{"id":853,"date":"2025-06-13T18:04:08","date_gmt":"2025-06-13T15:04:08","guid":{"rendered":"http:\/\/emiregereklam.com\/index.php\/urun\/pb-4004-siyah-10000-mah-powerbank\/"},"modified":"2025-06-13T18:04:25","modified_gmt":"2025-06-13T15:04:25","slug":"pb-4004-siyah-10000-mah-powerbank","status":"publish","type":"product","link":"http:\/\/emiregereklam.com\/index.php\/urun\/pb-4004-siyah-10000-mah-powerbank\/","title":{"rendered":"PB-4004 Siyah 10000 Mah Powerbank"},"content":{"rendered":"<p>\u00bb 1 Y\u0131l garantili \u00bb 10.000 mAh \u00bb ABS G\u00f6vde<br \/>\u00bb H\u0131zl\u0131 \u015earj 5V-2.1 \u00bb Micro Kablo \u00bb Lityum Pil \u00bb Ebat: 140 x 70 x 19 mm<br \/>MICRO USB TYPE-C LIGHTNING<br \/>18-11-2024 09:01:29<\/p>\n","protected":false},"excerpt":{"rendered":"<p>\u00bb 1 Y\u0131l garantili \u00bb 10.000 mAh \u00bb ABS G\u00f6vde\u00bb H\u0131zl\u0131 \u015earj 5V-2.1 \u00bb Micro Kablo \u00bb Lityum Pil \u00bb Ebat: 140 x 70 x 19 mmMICRO USB TYPE-C LIGHTNING18-11-2024 09:01:29<\/p>\n","protected":false},"featured_media":0,"comment_status":"closed","ping_status":"open","template":"","meta":[],"product_brand":[],"product_cat":[16],"product_tag":[],"class_list":{"0":"post-853","1":"product","2":"type-product","3":"status-publish","5":"product_cat-teknoloji-urunleri-powerbanklar","7":"first","8":"instock","9":"product-type-simple"},"_links":{"self":[{"href":"http:\/\/emiregereklam.com\/index.php\/wp-json\/wp\/v2\/product\/853","targetHints":{"allow":["GET"]}}],"collection":[{"href":"http:\/\/emiregereklam.com\/index.php\/wp-json\/wp\/v2\/product"}],"about":[{"href":"http:\/\/emiregereklam.com\/index.php\/wp-json\/wp\/v2\/types\/product"}],"replies":[{"embeddable":true,"href":"http:\/\/emiregereklam.com\/index.php\/wp-json\/wp\/v2\/comments?post=853"}],"wp:attachment":[{"href":"http:\/\/emiregereklam.com\/index.php\/wp-json\/wp\/v2\/media?parent=853"}],"wp:term":[{"taxonomy":"product_brand","embeddable":true,"href":"http:\/\/emiregereklam.com\/index.php\/wp-json\/wp\/v2\/product_brand?post=853"},{"taxonomy":"product_cat","embeddable":true,"href":"http:\/\/emiregereklam.com\/index.php\/wp-json\/wp\/v2\/product_cat?post=853"},{"taxonomy":"product_tag","embeddable":true,"href":"http:\/\/emiregereklam.com\/index.php\/wp-json\/wp\/v2\/product_tag?post=853"}],"curies":[{"name":"wp","href":"https:\/\/api.w.org\/{rel}","templated":true}]}}