{"id":856,"date":"2025-06-13T18:04:08","date_gmt":"2025-06-13T15:04:08","guid":{"rendered":"http:\/\/emiregereklam.com\/index.php\/urun\/pb-4010-siyah-10000-mah-powerbank-tasinabilir-pil-sarj-cihazi\/"},"modified":"2025-06-13T18:04:34","modified_gmt":"2025-06-13T15:04:34","slug":"pb-4010-siyah-10000-mah-powerbank-tasinabilir-pil-sarj-cihazi","status":"publish","type":"product","link":"http:\/\/emiregereklam.com\/index.php\/urun\/pb-4010-siyah-10000-mah-powerbank-tasinabilir-pil-sarj-cihazi\/","title":{"rendered":"PB-4010 Siyah 10000 Mah Powerbank Ta\u015f\u0131nabilir Pil \u015earj Cihaz\u0131"},"content":{"rendered":"<p>\u00bb 1 Y\u0131l garantili \u00bb 10.000 mAh \u00bb Lityum Pil<br \/>\u00bb H\u0131zl\u0131 \u015earj 5V-1A \/ 2.1A \u00bb 3 in 1 Kablo \u00bb Ebat: 143 x 68 x 12 mm<br \/>18-11-2024 09:01:29<\/p>\n","protected":false},"excerpt":{"rendered":"<p>\u00bb 1 Y\u0131l garantili \u00bb 10.000 mAh \u00bb Lityum Pil\u00bb H\u0131zl\u0131 \u015earj 5V-1A \/ 2.1A \u00bb 3 in 1 Kablo \u00bb Ebat: 143 x 68 x 12 mm18-11-2024 09:01:29<\/p>\n","protected":false},"featured_media":0,"comment_status":"closed","ping_status":"open","template":"","meta":[],"product_brand":[],"product_cat":[16],"product_tag":[],"class_list":{"0":"post-856","1":"product","2":"type-product","3":"status-publish","5":"product_cat-teknoloji-urunleri-powerbanklar","7":"first","8":"instock","9":"product-type-simple"},"_links":{"self":[{"href":"http:\/\/emiregereklam.com\/index.php\/wp-json\/wp\/v2\/product\/856","targetHints":{"allow":["GET"]}}],"collection":[{"href":"http:\/\/emiregereklam.com\/index.php\/wp-json\/wp\/v2\/product"}],"about":[{"href":"http:\/\/emiregereklam.com\/index.php\/wp-json\/wp\/v2\/types\/product"}],"replies":[{"embeddable":true,"href":"http:\/\/emiregereklam.com\/index.php\/wp-json\/wp\/v2\/comments?post=856"}],"wp:attachment":[{"href":"http:\/\/emiregereklam.com\/index.php\/wp-json\/wp\/v2\/media?parent=856"}],"wp:term":[{"taxonomy":"product_brand","embeddable":true,"href":"http:\/\/emiregereklam.com\/index.php\/wp-json\/wp\/v2\/product_brand?post=856"},{"taxonomy":"product_cat","embeddable":true,"href":"http:\/\/emiregereklam.com\/index.php\/wp-json\/wp\/v2\/product_cat?post=856"},{"taxonomy":"product_tag","embeddable":true,"href":"http:\/\/emiregereklam.com\/index.php\/wp-json\/wp\/v2\/product_tag?post=856"}],"curies":[{"name":"wp","href":"https:\/\/api.w.org\/{rel}","templated":true}]}}