{"id":857,"date":"2025-06-13T18:04:08","date_gmt":"2025-06-13T15:04:08","guid":{"rendered":"http:\/\/emiregereklam.com\/index.php\/urun\/pb-4011-beyaz-10000-mah-powerbank-tasinabilir-pil-sarj-cihazi\/"},"modified":"2025-06-13T18:04:37","modified_gmt":"2025-06-13T15:04:37","slug":"pb-4011-beyaz-10000-mah-powerbank-tasinabilir-pil-sarj-cihazi","status":"publish","type":"product","link":"http:\/\/emiregereklam.com\/index.php\/urun\/pb-4011-beyaz-10000-mah-powerbank-tasinabilir-pil-sarj-cihazi\/","title":{"rendered":"PB-4011 Beyaz 10000 Mah Powerbank Ta\u015f\u0131nabilir Pil \u015earj Cihaz\u0131"},"content":{"rendered":"<p>\u00bb 1 Y\u0131l garantili \u00bb 10.000 mAh \u00bb Lityum Pil \u00bb H\u0131zl\u0131 \u015earj 5V \/ 2A<br \/>\u00bb Type-C Sarj Kablosu \/ iPhone Adapt\u00f6r \u00bb Ebat: 136 x 68 x 15 mm<br \/>MICRO USB TYPE-C LIGHTNING<br \/>18-11-2024 09:01:29<\/p>\n","protected":false},"excerpt":{"rendered":"<p>\u00bb 1 Y\u0131l garantili \u00bb 10.000 mAh \u00bb Lityum Pil \u00bb H\u0131zl\u0131 \u015earj 5V \/ 2A\u00bb Type-C Sarj Kablosu \/ iPhone Adapt\u00f6r \u00bb Ebat: 136 x 68 x 15 mmMICRO USB TYPE-C LIGHTNING18-11-2024 09:01:29<\/p>\n","protected":false},"featured_media":0,"comment_status":"closed","ping_status":"open","template":"","meta":[],"product_brand":[],"product_cat":[16],"product_tag":[],"class_list":{"0":"post-857","1":"product","2":"type-product","3":"status-publish","5":"product_cat-teknoloji-urunleri-powerbanklar","7":"first","8":"instock","9":"product-type-simple"},"_links":{"self":[{"href":"http:\/\/emiregereklam.com\/index.php\/wp-json\/wp\/v2\/product\/857","targetHints":{"allow":["GET"]}}],"collection":[{"href":"http:\/\/emiregereklam.com\/index.php\/wp-json\/wp\/v2\/product"}],"about":[{"href":"http:\/\/emiregereklam.com\/index.php\/wp-json\/wp\/v2\/types\/product"}],"replies":[{"embeddable":true,"href":"http:\/\/emiregereklam.com\/index.php\/wp-json\/wp\/v2\/comments?post=857"}],"wp:attachment":[{"href":"http:\/\/emiregereklam.com\/index.php\/wp-json\/wp\/v2\/media?parent=857"}],"wp:term":[{"taxonomy":"product_brand","embeddable":true,"href":"http:\/\/emiregereklam.com\/index.php\/wp-json\/wp\/v2\/product_brand?post=857"},{"taxonomy":"product_cat","embeddable":true,"href":"http:\/\/emiregereklam.com\/index.php\/wp-json\/wp\/v2\/product_cat?post=857"},{"taxonomy":"product_tag","embeddable":true,"href":"http:\/\/emiregereklam.com\/index.php\/wp-json\/wp\/v2\/product_tag?post=857"}],"curies":[{"name":"wp","href":"https:\/\/api.w.org\/{rel}","templated":true}]}}