{"id":861,"date":"2025-06-13T18:04:08","date_gmt":"2025-06-13T15:04:08","guid":{"rendered":"http:\/\/emiregereklam.com\/index.php\/urun\/pwb-1459-siyah-4lu-hediyelik-set\/"},"modified":"2025-06-13T18:04:48","modified_gmt":"2025-06-13T15:04:48","slug":"pwb-1459-siyah-4lu-hediyelik-set","status":"publish","type":"product","link":"http:\/\/emiregereklam.com\/index.php\/urun\/pwb-1459-siyah-4lu-hediyelik-set\/","title":{"rendered":"PWB-1459 Siyah 4&#8217;L\u00fc Hediyelik Set"},"content":{"rendered":"<p>I\u015eIKLI POWERBANK \/ LIGHTING LOGO POWERBANK<br \/>\u2022 Batarya Tipi: Lityum Polimer Batarya<br \/>\u2022 Kapasite \/ Capacity : 10.000 mAh<br \/>\u2022 Giri\u015f: Type-C 5V\/3A &#8211; 9V\/2A \/ USB Kablo: 5V\/2A<br \/>\u2022 \u00c7\u0131k\u0131\u015f: Type-C 5V\/3A 9V\/2.3A 12V\/1.67A 20W-Max<br \/>Type-C Kablo 5V\/3A 9V\/2.3A 12V\/1.67A 20W-Max<br \/>Lighting Kablo: 5V\/2.4A<br \/>\u2022 Ebat \/ Size: 140 x 67 x 13,5 mm<br \/>\u2022 A\u011f\u0131rl\u0131k \/ Weight: 190 \u00b1 5 g<br \/>\u2022 Beyaz LED \u0131\u015f\u0131kl\u0131 \/ White LED lighting<br \/>I\u015eIKLI \u00c7OKLU \u015eARJ KABLOSU<br \/>LIGHTING LOGO MULTIPLE CHARGING CABLE<br \/>\u2022 I\u015f\u0131kl\u0131 \u015farj kablosu 122 cm 3 in 2<br \/>\u2022 USB Giri\u015f 2 USB\/TYPE-C<br \/>\u2022 Beyaz, Mavi, RGB LED \u0131\u015f\u0131kl\u0131<br \/>\u2022 \u00c7ift y\u00f6n \u0131\u015f\u0131kl\u0131 \/ Double sided lighted<br \/>\u2022 Micro, Lightning, Type-C, USB<br \/>I\u015eIKLI MASA \u00dcST\u00dc WIRELESS \u015eARJ (10 W)<br \/>I\u015eIKLI WIRELESS MOUSE<br \/>LIGHTNING TYPE-C USB MICRO USB<br \/>18-11-2024 09:01:29<\/p>\n","protected":false},"excerpt":{"rendered":"<p>I\u015eIKLI POWERBANK \/ LIGHTING LOGO POWERBANK\u2022 Batarya Tipi: Lityum Polimer Batarya\u2022 Kapasite \/ Capacity : 10.000 mAh\u2022 Giri\u015f: Type-C 5V\/3A &#8211; 9V\/2A \/ USB Kablo: 5V\/2A\u2022 \u00c7\u0131k\u0131\u015f: Type-C 5V\/3A 9V\/2.3A 12V\/1.67A 20W-MaxType-C Kablo 5V\/3A 9V\/2.3A 12V\/1.67A 20W-MaxLighting Kablo: 5V\/2.4A\u2022 Ebat \/ Size: 140 x 67 x 13,5 mm\u2022 A\u011f\u0131rl\u0131k \/ Weight: 190 \u00b1 5 g\u2022 [&hellip;]<\/p>\n","protected":false},"featured_media":0,"comment_status":"closed","ping_status":"open","template":"","meta":[],"product_brand":[],"product_cat":[16],"product_tag":[],"class_list":{"0":"post-861","1":"product","2":"type-product","3":"status-publish","5":"product_cat-teknoloji-urunleri-powerbanklar","7":"first","8":"instock","9":"product-type-simple"},"_links":{"self":[{"href":"http:\/\/emiregereklam.com\/index.php\/wp-json\/wp\/v2\/product\/861","targetHints":{"allow":["GET"]}}],"collection":[{"href":"http:\/\/emiregereklam.com\/index.php\/wp-json\/wp\/v2\/product"}],"about":[{"href":"http:\/\/emiregereklam.com\/index.php\/wp-json\/wp\/v2\/types\/product"}],"replies":[{"embeddable":true,"href":"http:\/\/emiregereklam.com\/index.php\/wp-json\/wp\/v2\/comments?post=861"}],"wp:attachment":[{"href":"http:\/\/emiregereklam.com\/index.php\/wp-json\/wp\/v2\/media?parent=861"}],"wp:term":[{"taxonomy":"product_brand","embeddable":true,"href":"http:\/\/emiregereklam.com\/index.php\/wp-json\/wp\/v2\/product_brand?post=861"},{"taxonomy":"product_cat","embeddable":true,"href":"http:\/\/emiregereklam.com\/index.php\/wp-json\/wp\/v2\/product_cat?post=861"},{"taxonomy":"product_tag","embeddable":true,"href":"http:\/\/emiregereklam.com\/index.php\/wp-json\/wp\/v2\/product_tag?post=861"}],"curies":[{"name":"wp","href":"https:\/\/api.w.org\/{rel}","templated":true}]}}