{"id":871,"date":"2025-06-13T18:05:11","date_gmt":"2025-06-13T15:05:11","guid":{"rendered":"http:\/\/emiregereklam.com\/index.php\/urun\/bd-0061-siyah-isikli-bluetooth-kulaklik\/"},"modified":"2025-06-13T18:05:24","modified_gmt":"2025-06-13T15:05:24","slug":"bd-0061-siyah-isikli-bluetooth-kulaklik","status":"publish","type":"product","link":"http:\/\/emiregereklam.com\/index.php\/urun\/bd-0061-siyah-isikli-bluetooth-kulaklik\/","title":{"rendered":"BD-0061 Siyah I\u015f\u0131kl\u0131 Bluetooth Kulakl\u0131k"},"content":{"rendered":"<p>\u2022 Bluetooth 5.0 + EDR<br \/>\u2022 \u00c7ekim mesafesi: 10 mt<br \/>\u2022 200 mAh<br \/>\u2022 Diren\u00e7: 32 \u03a9<br \/>\u2022 \u00c7al\u0131\u015fma s\u00fcresi: \u2264 3 saat<br \/>\u2022 \u015earj s\u00fcresi: \u2264 2 saat<br \/>\u2022 Bekleme s\u00fcresi: \u2264 180 saat<br \/>\u2022 Hassasl\u0131k: 95 \u00b1 3 db<br \/>\u2022 Desteklenen: A2DP \/ HFP \/ AVRCP \/ HSP<br \/>\u2022 Frekans: 20 Hz &#8211; 20 KHz<br \/>\u2022 Fonksiyon: TF kart yuvas\u0131 veya MP3 \u00e7alma,<br \/>Ses a\u00e7ma\/azaltma, \u015eark\u0131 de\u011fi\u015ftirme, gelen<br \/>aramay\u0131 kabul etme\/reddetme<br \/>\u2022 Telefonu tekrar arama, Sesli hat\u0131rlatma,<br \/>Batarya g\u00f6stergesi, 3,5 mm Aux kablosu<br \/>\u2022 Beyaz LED \u0131\u015f\u0131kl\u0131<br \/>\u2022 S\u0131vamal\u0131 \u00f6zel kutu<br \/>18-11-2024 09:01:29<\/p>\n","protected":false},"excerpt":{"rendered":"<p>\u2022 Bluetooth 5.0 + EDR\u2022 \u00c7ekim mesafesi: 10 mt\u2022 200 mAh\u2022 Diren\u00e7: 32 \u03a9\u2022 \u00c7al\u0131\u015fma s\u00fcresi: \u2264 3 saat\u2022 \u015earj s\u00fcresi: \u2264 2 saat\u2022 Bekleme s\u00fcresi: \u2264 180 saat\u2022 Hassasl\u0131k: 95 \u00b1 3 db\u2022 Desteklenen: A2DP \/ HFP \/ AVRCP \/ HSP\u2022 Frekans: 20 Hz &#8211; 20 KHz\u2022 Fonksiyon: TF kart yuvas\u0131 veya MP3 \u00e7alma,Ses [&hellip;]<\/p>\n","protected":false},"featured_media":0,"comment_status":"closed","ping_status":"open","template":"","meta":[],"product_brand":[],"product_cat":[18],"product_tag":[],"class_list":{"0":"post-871","1":"product","2":"type-product","3":"status-publish","5":"product_cat-teknoloji-urunleri-kulakliklar-ve-hoparlorler","7":"first","8":"instock","9":"product-type-simple"},"_links":{"self":[{"href":"http:\/\/emiregereklam.com\/index.php\/wp-json\/wp\/v2\/product\/871","targetHints":{"allow":["GET"]}}],"collection":[{"href":"http:\/\/emiregereklam.com\/index.php\/wp-json\/wp\/v2\/product"}],"about":[{"href":"http:\/\/emiregereklam.com\/index.php\/wp-json\/wp\/v2\/types\/product"}],"replies":[{"embeddable":true,"href":"http:\/\/emiregereklam.com\/index.php\/wp-json\/wp\/v2\/comments?post=871"}],"wp:attachment":[{"href":"http:\/\/emiregereklam.com\/index.php\/wp-json\/wp\/v2\/media?parent=871"}],"wp:term":[{"taxonomy":"product_brand","embeddable":true,"href":"http:\/\/emiregereklam.com\/index.php\/wp-json\/wp\/v2\/product_brand?post=871"},{"taxonomy":"product_cat","embeddable":true,"href":"http:\/\/emiregereklam.com\/index.php\/wp-json\/wp\/v2\/product_cat?post=871"},{"taxonomy":"product_tag","embeddable":true,"href":"http:\/\/emiregereklam.com\/index.php\/wp-json\/wp\/v2\/product_tag?post=871"}],"curies":[{"name":"wp","href":"https:\/\/api.w.org\/{rel}","templated":true}]}}