{"id":873,"date":"2025-06-13T18:05:11","date_gmt":"2025-06-13T15:05:11","guid":{"rendered":"http:\/\/emiregereklam.com\/index.php\/urun\/sp-4100-siyah-bluetooth-standli-hoparlor\/"},"modified":"2025-06-13T18:05:32","modified_gmt":"2025-06-13T15:05:32","slug":"sp-4100-siyah-bluetooth-standli-hoparlor","status":"publish","type":"product","link":"http:\/\/emiregereklam.com\/index.php\/urun\/sp-4100-siyah-bluetooth-standli-hoparlor\/","title":{"rendered":"SP-4100 Siyah Bluetooth Standl\u0131 Hoparl\u00f6r"},"content":{"rendered":"<p>\u00bb 1 Y\u0131l garantili \u00bb 300 mAh \u00bb Bluetooth S\u00fcr\u00fcm\u00fc: 5.0 \u00bb Hoparl\u00f6r \u00c7\u0131k\u0131\u015f\u0131: 3W \u00bb Oyun S\u00fcresi: 3-4 Saat<br \/>\u00bb \u015earj S\u00fcresi: 2-3 Saat \u00bb Mikro USB \u015earj Giri\u015fi ve Kablosu \u00bb Kablosuz \u015farj cihaz\u0131 5W \u00bb Ebat: 109 x 67 x 60 mm<br \/>MICRO USB &#8211; Wireless<br \/>18-11-2024 09:01:29<\/p>\n","protected":false},"excerpt":{"rendered":"<p>\u00bb 1 Y\u0131l garantili \u00bb 300 mAh \u00bb Bluetooth S\u00fcr\u00fcm\u00fc: 5.0 \u00bb Hoparl\u00f6r \u00c7\u0131k\u0131\u015f\u0131: 3W \u00bb Oyun S\u00fcresi: 3-4 Saat\u00bb \u015earj S\u00fcresi: 2-3 Saat \u00bb Mikro USB \u015earj Giri\u015fi ve Kablosu \u00bb Kablosuz \u015farj cihaz\u0131 5W \u00bb Ebat: 109 x 67 x 60 mmMICRO USB &#8211; Wireless18-11-2024 09:01:29<\/p>\n","protected":false},"featured_media":0,"comment_status":"closed","ping_status":"open","template":"","meta":[],"product_brand":[],"product_cat":[18],"product_tag":[],"class_list":{"0":"post-873","1":"product","2":"type-product","3":"status-publish","5":"product_cat-teknoloji-urunleri-kulakliklar-ve-hoparlorler","7":"first","8":"instock","9":"product-type-simple"},"_links":{"self":[{"href":"http:\/\/emiregereklam.com\/index.php\/wp-json\/wp\/v2\/product\/873","targetHints":{"allow":["GET"]}}],"collection":[{"href":"http:\/\/emiregereklam.com\/index.php\/wp-json\/wp\/v2\/product"}],"about":[{"href":"http:\/\/emiregereklam.com\/index.php\/wp-json\/wp\/v2\/types\/product"}],"replies":[{"embeddable":true,"href":"http:\/\/emiregereklam.com\/index.php\/wp-json\/wp\/v2\/comments?post=873"}],"wp:attachment":[{"href":"http:\/\/emiregereklam.com\/index.php\/wp-json\/wp\/v2\/media?parent=873"}],"wp:term":[{"taxonomy":"product_brand","embeddable":true,"href":"http:\/\/emiregereklam.com\/index.php\/wp-json\/wp\/v2\/product_brand?post=873"},{"taxonomy":"product_cat","embeddable":true,"href":"http:\/\/emiregereklam.com\/index.php\/wp-json\/wp\/v2\/product_cat?post=873"},{"taxonomy":"product_tag","embeddable":true,"href":"http:\/\/emiregereklam.com\/index.php\/wp-json\/wp\/v2\/product_tag?post=873"}],"curies":[{"name":"wp","href":"https:\/\/api.w.org\/{rel}","templated":true}]}}